{"id":45,"date":"2026-04-15T10:47:57","date_gmt":"2026-04-15T08:47:57","guid":{"rendered":"http:\/\/justgotravel.you2.pl\/index.php\/blog\/"},"modified":"2026-04-22T14:30:02","modified_gmt":"2026-04-22T12:30:02","slug":"blog","status":"publish","type":"page","link":"https:\/\/justgo.you2.pl\/index.php\/blog\/","title":{"rendered":"Blog"},"content":{"rendered":"\n<p><\/p>\n\n\n\n<div class=\"wp-block-query is-layout-flow wp-block-query-is-layout-flow\"><ul class=\"wp-block-post-template is-layout-flow wp-block-post-template-is-layout-flow\"><li class=\"wp-block-post post-81 post type-post status-publish format-standard has-post-thumbnail hentry category-bez-kategorii\">\n\n<div class=\"wp-block-columns alignwide is-layout-flex wp-container-core-columns-is-layout-9d6595d7 wp-block-columns-is-layout-flex\">\n<div class=\"wp-block-column is-layout-flow wp-block-column-is-layout-flow\" style=\"flex-basis:66.66%\"><figure class=\"wp-block-post-featured-image\"><a href=\"https:\/\/justgo.you2.pl\/index.php\/2026\/04\/16\/tokio-blog\/\" target=\"_self\"  ><img loading=\"lazy\" decoding=\"async\" width=\"612\" height=\"408\" src=\"https:\/\/justgo.you2.pl\/wp-content\/uploads\/2026\/04\/istockphoto-2215493359-612x612-1.jpg\" class=\"attachment-post-thumbnail size-post-thumbnail wp-post-image\" alt=\"Tokio: Zagubiony w t\u0142umaczeniu i odnaleziony w neonach Shinjuku\" style=\"object-fit:cover;\" srcset=\"https:\/\/justgo.you2.pl\/wp-content\/uploads\/2026\/04\/istockphoto-2215493359-612x612-1.jpg 612w, https:\/\/justgo.you2.pl\/wp-content\/uploads\/2026\/04\/istockphoto-2215493359-612x612-1-300x200.jpg 300w\" sizes=\"auto, (max-width: 612px) 100vw, 612px\" \/><\/a><\/figure><\/div>\n\n\n\n<div class=\"wp-block-column is-layout-flow wp-block-column-is-layout-flow\" style=\"flex-basis:33.33%\"><h2 class=\"wp-block-post-title\"><a href=\"https:\/\/justgo.you2.pl\/index.php\/2026\/04\/16\/tokio-blog\/\" target=\"_self\" >Tokio: Zagubiony w t\u0142umaczeniu i odnaleziony w neonach Shinjuku<\/a><\/h2>\n\n<div class=\"wp-block-post-excerpt\"><p class=\"wp-block-post-excerpt__excerpt\">Je\u015bli my\u015bleli\u015bcie, \u017ce Pary\u017c czy Londyn to metropolie, to Tokio sprawi, \u017ce zmienicie zdanie. To nie jest po prostu miasto \u2013 to osobna planeta. Sp\u0119dzi\u0142em tu tydzie\u0144 i do dzi\u015b pr\u00f3buj\u0119 zrozumie\u0107, jak to mo\u017cliwe, \u017ce 38 milion\u00f3w ludzi \u017cyje w tak idealnym porz\u0105dku. Skrzy\u017cowanie, kt\u00f3re ma w\u0142asny rytm Pierwsze kroki skierowa\u0142em na s\u0142ynne skrzy\u017cowanie&#8230; <\/p><\/div><\/div>\n<\/div>\n\n<\/li><li class=\"wp-block-post post-75 post type-post status-publish format-standard has-post-thumbnail hentry category-bez-kategorii\">\n\n<div class=\"wp-block-columns alignwide is-layout-flex wp-container-core-columns-is-layout-9d6595d7 wp-block-columns-is-layout-flex\">\n<div class=\"wp-block-column is-layout-flow wp-block-column-is-layout-flow\" style=\"flex-basis:66.66%\"><figure class=\"wp-block-post-featured-image\"><a href=\"https:\/\/justgo.you2.pl\/index.php\/2026\/04\/16\/wyspa-bala\/\" target=\"_self\"  ><img loading=\"lazy\" decoding=\"async\" width=\"2123\" height=\"1413\" src=\"https:\/\/justgo.you2.pl\/wp-content\/uploads\/2026\/04\/4ef8396e51e46a3f3a14d162cde46330.jpg\" class=\"attachment-post-thumbnail size-post-thumbnail wp-post-image\" alt=\"Bali: Czy wyspa bog\u00f3w to naprawd\u0119 raj na ziemi?\" style=\"object-fit:cover;\" srcset=\"https:\/\/justgo.you2.pl\/wp-content\/uploads\/2026\/04\/4ef8396e51e46a3f3a14d162cde46330.jpg 2123w, https:\/\/justgo.you2.pl\/wp-content\/uploads\/2026\/04\/4ef8396e51e46a3f3a14d162cde46330-300x200.jpg 300w, https:\/\/justgo.you2.pl\/wp-content\/uploads\/2026\/04\/4ef8396e51e46a3f3a14d162cde46330-1024x682.jpg 1024w, https:\/\/justgo.you2.pl\/wp-content\/uploads\/2026\/04\/4ef8396e51e46a3f3a14d162cde46330-768x511.jpg 768w, https:\/\/justgo.you2.pl\/wp-content\/uploads\/2026\/04\/4ef8396e51e46a3f3a14d162cde46330-1536x1022.jpg 1536w, https:\/\/justgo.you2.pl\/wp-content\/uploads\/2026\/04\/4ef8396e51e46a3f3a14d162cde46330-2048x1363.jpg 2048w\" sizes=\"auto, (max-width: 2123px) 100vw, 2123px\" \/><\/a><\/figure><\/div>\n\n\n\n<div class=\"wp-block-column is-layout-flow wp-block-column-is-layout-flow\" style=\"flex-basis:33.33%\"><h2 class=\"wp-block-post-title\"><a href=\"https:\/\/justgo.you2.pl\/index.php\/2026\/04\/16\/wyspa-bala\/\" target=\"_self\" >Bali: Czy wyspa bog\u00f3w to naprawd\u0119 raj na ziemi?<\/a><\/h2>\n\n<div class=\"wp-block-post-excerpt\"><p class=\"wp-block-post-excerpt__excerpt\">O Bali s\u0142ysza\u0142 ka\u017cdy. Zdj\u0119cia hu\u015btawek nad przepa\u015bci\u0105 i idealnie zielonych p\u00f3l ry\u017cowych zalewaj\u0105 internet. Postanowi\u0142em sprawdzi\u0107, czy pod t\u0105 warstw\u0105 filtr\u00f3w kryje si\u0119 co\u015b autentycznego. Sp\u0119dzi\u0142em dwa tygodnie w Ubud i na okolicznych wyspach \u2013 oto moje wra\u017cenia. Ubud \u2013 serce wyspy i ma\u0142pie figle Moja przygoda zacz\u0119\u0142a si\u0119 w Ubud, kulturalnej stolicy wyspy&#8230;. <\/p><\/div><\/div>\n<\/div>\n\n<\/li><li class=\"wp-block-post post-69 post type-post status-publish format-standard has-post-thumbnail hentry category-bez-kategorii\">\n\n<div class=\"wp-block-columns alignwide is-layout-flex wp-container-core-columns-is-layout-9d6595d7 wp-block-columns-is-layout-flex\">\n<div class=\"wp-block-column is-layout-flow wp-block-column-is-layout-flow\" style=\"flex-basis:66.66%\"><figure class=\"wp-block-post-featured-image\"><a href=\"https:\/\/justgo.you2.pl\/index.php\/2026\/04\/16\/wyprawa-na-islandie\/\" target=\"_self\"  ><img loading=\"lazy\" decoding=\"async\" width=\"786\" height=\"470\" src=\"https:\/\/justgo.you2.pl\/wp-content\/uploads\/2026\/04\/zorza-polarna.jpg\" class=\"attachment-post-thumbnail size-post-thumbnail wp-post-image\" alt=\"Islandia: Kraina lodu, ognia i najdro\u017cszej kawy w moim \u017cyciu\" style=\"object-fit:cover;\" srcset=\"https:\/\/justgo.you2.pl\/wp-content\/uploads\/2026\/04\/zorza-polarna.jpg 786w, https:\/\/justgo.you2.pl\/wp-content\/uploads\/2026\/04\/zorza-polarna-300x179.jpg 300w, https:\/\/justgo.you2.pl\/wp-content\/uploads\/2026\/04\/zorza-polarna-768x459.jpg 768w\" sizes=\"auto, (max-width: 786px) 100vw, 786px\" \/><\/a><\/figure><\/div>\n\n\n\n<div class=\"wp-block-column is-layout-flow wp-block-column-is-layout-flow\" style=\"flex-basis:33.33%\"><h2 class=\"wp-block-post-title\"><a href=\"https:\/\/justgo.you2.pl\/index.php\/2026\/04\/16\/wyprawa-na-islandie\/\" target=\"_self\" >Islandia: Kraina lodu, ognia i najdro\u017cszej kawy w moim \u017cyciu<\/a><\/h2>\n\n<div class=\"wp-block-post-excerpt\"><p class=\"wp-block-post-excerpt__excerpt\">Je\u015bli my\u015bleli\u015bcie, \u017ce widzieli\u015bcie ju\u017c wszystko, to znaczy, \u017ce nie byli\u015bcie na Islandii. Ta wyspa to inny \u015bwiat. Dos\u0142ownie. Tutaj ziemia dymi, woda wybucha w g\u00f3r\u0119 pod ci\u015bnieniem, a lodowce powoli sp\u0142ywaj\u0105 do oceanu. Zapraszam na relacj\u0119 z mojej wyprawy dooko\u0142a wyspy drog\u0105 numer 1. Z\u0142oty Kr\u0105g, czyli Islandia w pigu\u0142ce Moja przygoda zacz\u0119\u0142a si\u0119&#8230; <\/p><\/div><\/div>\n<\/div>\n\n<\/li><li class=\"wp-block-post post-62 post type-post status-publish format-standard has-post-thumbnail hentry category-bez-kategorii\">\n\n<div class=\"wp-block-columns alignwide is-layout-flex wp-container-core-columns-is-layout-9d6595d7 wp-block-columns-is-layout-flex\">\n<div class=\"wp-block-column is-layout-flow wp-block-column-is-layout-flow\" style=\"flex-basis:66.66%\"><figure class=\"wp-block-post-featured-image\"><a href=\"https:\/\/justgo.you2.pl\/index.php\/2026\/04\/15\/safari-w-tanzanii-oko-w-oko-z-gepardem-i-slonce-nad-kilimandzaro\/\" target=\"_self\"  ><img loading=\"lazy\" decoding=\"async\" width=\"1124\" height=\"749\" src=\"https:\/\/justgo.you2.pl\/wp-content\/uploads\/2026\/04\/safari.jpg\" class=\"attachment-post-thumbnail size-post-thumbnail wp-post-image\" alt=\"Safari w Tanzanii: Oko w oko z gepardem i s\u0142o\u0144ce nad Kilimand\u017caro\" style=\"object-fit:cover;\" srcset=\"https:\/\/justgo.you2.pl\/wp-content\/uploads\/2026\/04\/safari.jpg 1124w, https:\/\/justgo.you2.pl\/wp-content\/uploads\/2026\/04\/safari-300x200.jpg 300w, https:\/\/justgo.you2.pl\/wp-content\/uploads\/2026\/04\/safari-1024x682.jpg 1024w, https:\/\/justgo.you2.pl\/wp-content\/uploads\/2026\/04\/safari-768x512.jpg 768w\" sizes=\"auto, (max-width: 1124px) 100vw, 1124px\" \/><\/a><\/figure><\/div>\n\n\n\n<div class=\"wp-block-column is-layout-flow wp-block-column-is-layout-flow\" style=\"flex-basis:33.33%\"><h2 class=\"wp-block-post-title\"><a href=\"https:\/\/justgo.you2.pl\/index.php\/2026\/04\/15\/safari-w-tanzanii-oko-w-oko-z-gepardem-i-slonce-nad-kilimandzaro\/\" target=\"_self\" >Safari w Tanzanii: Oko w oko z gepardem i s\u0142o\u0144ce nad Kilimand\u017caro<\/a><\/h2>\n\n<div class=\"wp-block-post-excerpt\"><p class=\"wp-block-post-excerpt__excerpt\">Afryka to nie jest po prostu kolejna podr\u00f3\u017c. To moment, w kt\u00f3rym cz\u0142owiek zdaje sobie spraw\u0119, \u017ce jest tylko go\u015bciem w wielkim \u015bwiecie natury. Moja wyprawa na safari do Tanzanii przeros\u0142a wszelkie oczekiwania \u2013 od pot\u0119gi dzikich zwierz\u0105t po majestat najwy\u017cszego szczytu kontynentu. Wulkan, kt\u00f3ry dominuje nad horyzontem Ju\u017c od samego l\u0105dowania towarzyszy\u0142 nam niesamowity&#8230; <\/p><\/div><\/div>\n<\/div>\n\n<\/li><li class=\"wp-block-post post-1 post type-post status-publish format-standard has-post-thumbnail hentry category-bez-kategorii\">\n\n<div class=\"wp-block-columns alignwide is-layout-flex wp-container-core-columns-is-layout-9d6595d7 wp-block-columns-is-layout-flex\">\n<div class=\"wp-block-column is-layout-flow wp-block-column-is-layout-flow\" style=\"flex-basis:66.66%\"><figure class=\"wp-block-post-featured-image\"><a href=\"https:\/\/justgo.you2.pl\/index.php\/2025\/04\/22\/witaj-swiecie\/\" target=\"_self\"  ><img loading=\"lazy\" decoding=\"async\" width=\"1687\" height=\"1126\" src=\"https:\/\/justgo.you2.pl\/wp-content\/uploads\/2026\/04\/Francja-Paryz.jpg\" class=\"attachment-post-thumbnail size-post-thumbnail wp-post-image\" alt=\"Pary\u017c w 48 godzin: Bagietki pod Wie\u017c\u0105 Eiffla i klimat MontmartreWitaj, \u015bwiecie!\" style=\"object-fit:cover;\" srcset=\"https:\/\/justgo.you2.pl\/wp-content\/uploads\/2026\/04\/Francja-Paryz.jpg 1687w, https:\/\/justgo.you2.pl\/wp-content\/uploads\/2026\/04\/Francja-Paryz-300x200.jpg 300w, https:\/\/justgo.you2.pl\/wp-content\/uploads\/2026\/04\/Francja-Paryz-1024x683.jpg 1024w, https:\/\/justgo.you2.pl\/wp-content\/uploads\/2026\/04\/Francja-Paryz-768x513.jpg 768w, https:\/\/justgo.you2.pl\/wp-content\/uploads\/2026\/04\/Francja-Paryz-1536x1025.jpg 1536w\" sizes=\"auto, (max-width: 1687px) 100vw, 1687px\" \/><\/a><\/figure><\/div>\n\n\n\n<div class=\"wp-block-column is-layout-flow wp-block-column-is-layout-flow\" style=\"flex-basis:33.33%\"><h2 class=\"wp-block-post-title\"><a href=\"https:\/\/justgo.you2.pl\/index.php\/2025\/04\/22\/witaj-swiecie\/\" target=\"_self\" >Pary\u017c w 48 godzin: Bagietki pod Wie\u017c\u0105 Eiffla i klimat MontmartreWitaj, \u015bwiecie!<\/a><\/h2>\n\n<div class=\"wp-block-post-excerpt\"><p class=\"wp-block-post-excerpt__excerpt\">Pary\u017c \u2013 miasto \u015bwiate\u0142, mi\u0142o\u015bci i&#8230; niesamowicie d\u0142ugich kolejek. Postanowi\u0142em sprawdzi\u0107 na w\u0142asnej sk\u00f3rze, czy da si\u0119 poczu\u0107 klimat stolicy Francji w zaledwie dwa dni. Spojler: da si\u0119, ale trzeba mie\u0107 dobre buty! Dzie\u0144 1: Klasyki i piknik Pierwszy przystanek to oczywi\u015bcie Wie\u017ca Eiffla. Zamiast p\u0142aci\u0107 fortun\u0119 za wjazd na g\u00f3r\u0119, postawi\u0142em na bagietk\u0119, kawa\u0142ek&#8230; <\/p><\/div><\/div>\n<\/div>\n\n<\/li><\/ul><\/div>\n","protected":false},"excerpt":{"rendered":"","protected":false},"author":1,"featured_media":0,"parent":0,"menu_order":0,"comment_status":"closed","ping_status":"closed","template":"","meta":{"_kadence_starter_templates_imported_post":false,"_kad_post_transparent":"","_kad_post_title":"","_kad_post_layout":"","_kad_post_sidebar_id":"","_kad_post_content_style":"","_kad_post_vertical_padding":"","_kad_post_feature":"","_kad_post_feature_position":"","_kad_post_header":false,"_kad_post_footer":false,"_kad_post_classname":"","footnotes":""},"class_list":["post-45","page","type-page","status-publish","hentry"],"_links":{"self":[{"href":"https:\/\/justgo.you2.pl\/index.php\/wp-json\/wp\/v2\/pages\/45","targetHints":{"allow":["GET"]}}],"collection":[{"href":"https:\/\/justgo.you2.pl\/index.php\/wp-json\/wp\/v2\/pages"}],"about":[{"href":"https:\/\/justgo.you2.pl\/index.php\/wp-json\/wp\/v2\/types\/page"}],"author":[{"embeddable":true,"href":"https:\/\/justgo.you2.pl\/index.php\/wp-json\/wp\/v2\/users\/1"}],"replies":[{"embeddable":true,"href":"https:\/\/justgo.you2.pl\/index.php\/wp-json\/wp\/v2\/comments?post=45"}],"version-history":[{"count":8,"href":"https:\/\/justgo.you2.pl\/index.php\/wp-json\/wp\/v2\/pages\/45\/revisions"}],"predecessor-version":[{"id":121,"href":"https:\/\/justgo.you2.pl\/index.php\/wp-json\/wp\/v2\/pages\/45\/revisions\/121"}],"wp:attachment":[{"href":"https:\/\/justgo.you2.pl\/index.php\/wp-json\/wp\/v2\/media?parent=45"}],"curies":[{"name":"wp","href":"https:\/\/api.w.org\/{rel}","templated":true}]}}